{"id":325,"date":"2025-03-12T02:53:30","date_gmt":"2025-03-12T02:53:30","guid":{"rendered":"https:\/\/www.tuhipotecario.cl\/?page_id=325"},"modified":"2025-10-10T15:53:52","modified_gmt":"2025-10-10T15:53:52","slug":"blanco-verde-o-entrega-inmediata","status":"publish","type":"page","link":"https:\/\/www.tuhipotecario.cl\/?page_id=325","title":{"rendered":"Blanco, verde o entrega inmediata?"},"content":{"rendered":"\n\n\n<h2>Blanco, verde o entrega inmediata?<\/h2>\n\n\n<br><br>INMEDIATA:<br>\n\u2022\tSi calificas para un financiamiento con instituciones financieras mediante un cr\u00e9dito hipotecario y no cuentas con el pie, existe la posibilidad de pagarlo en cuotas o acceder a un \u00abBono Pie\u00bb, es conveniente esta opci\u00f3n dado que nos permite tener rentabilidad inmediata a trav\u00e9s de pago del dividendo con el arriendo.<br><br>\n<br><br>VERDE O BLANCO:<br>\n\u2022\tCongelamos el Valor en UF en la Promesa de compra. Esto generar\u00e1 rentabilidad gracias a que los inmuebles en cada cambio de etapa aumentan su valor comercial entre un 5% a 10%.\n\u2022\tTe permite pagar el pie en cuotas (esta deuda no aparece en el sistema financiero)\n\u2022\tPara comenzar con los tr\u00e1mites de tu Cr\u00e9dito Hipotecario y la propiedad que vas adquirir es nueva, deber\u00e1s esperar a que el proyecto finalice su construcci\u00f3n, esto te permitir\u00e1 el pago con financiamiento desde el comienzo.\n\u2022\tBuscamos un proyecto que se ajuste a tu proceso de pre aprobaci\u00f3n.\n\u2022\tTodos los dineros abonados estar\u00e1n cubierto frente a cualquier evento a trav\u00e9s de p\u00f3lizas de seguro obligatorias tomadas por las inmobiliarias.<br><br>\nRecuerda que se trata de invertir de manera consciente, no s\u00f3lo te asesoramos, sino que adem\u00e1s te acompa\u00f1amos durante todo el proceso de tu compra.<br><br>\n\n\n\n\n","protected":false},"excerpt":{"rendered":"","protected":false},"author":1,"featured_media":0,"parent":0,"menu_order":0,"comment_status":"closed","ping_status":"closed","template":"","meta":{"pagelayer_contact_templates":[],"_pagelayer_content":"","_joinchat":[],"footnotes":""},"class_list":["post-325","page","type-page","status-publish","hentry"],"_links":{"self":[{"href":"https:\/\/www.tuhipotecario.cl\/index.php?rest_route=\/wp\/v2\/pages\/325"}],"collection":[{"href":"https:\/\/www.tuhipotecario.cl\/index.php?rest_route=\/wp\/v2\/pages"}],"about":[{"href":"https:\/\/www.tuhipotecario.cl\/index.php?rest_route=\/wp\/v2\/types\/page"}],"author":[{"embeddable":true,"href":"https:\/\/www.tuhipotecario.cl\/index.php?rest_route=\/wp\/v2\/users\/1"}],"replies":[{"embeddable":true,"href":"https:\/\/www.tuhipotecario.cl\/index.php?rest_route=%2Fwp%2Fv2%2Fcomments&post=325"}],"version-history":[{"count":8,"href":"https:\/\/www.tuhipotecario.cl\/index.php?rest_route=\/wp\/v2\/pages\/325\/revisions"}],"predecessor-version":[{"id":562,"href":"https:\/\/www.tuhipotecario.cl\/index.php?rest_route=\/wp\/v2\/pages\/325\/revisions\/562"}],"wp:attachment":[{"href":"https:\/\/www.tuhipotecario.cl\/index.php?rest_route=%2Fwp%2Fv2%2Fmedia&parent=325"}],"curies":[{"name":"wp","href":"https:\/\/api.w.org\/{rel}","templated":true}]}}