{"id":322,"date":"2025-03-12T02:45:12","date_gmt":"2025-03-12T02:45:12","guid":{"rendered":"https:\/\/www.tuhipotecario.cl\/?page_id=322"},"modified":"2025-10-10T15:55:54","modified_gmt":"2025-10-10T15:55:54","slug":"que-pasa-si-el-edificio-por-algun-motivo-no-se-construye-o-no-se-entrega","status":"publish","type":"page","link":"https:\/\/www.tuhipotecario.cl\/?page_id=322","title":{"rendered":"\u00bfQue pasa si el edificio por alg\u00fan motivo no se construye o no se entrega?"},"content":{"rendered":"\n\n\n<h2>\u00bfQue pasa si el edificio por alg\u00fan motivo no se construye o no se entrega?<\/h2>\n\n\nTenemos tu oportunidad de inversi\u00f3n o tu pr\u00f3ximo hogar. Actualmente el mercado permite la compra de tu Actualmente dado la alta regulaci\u00f3n de este mercado se ha obligado a las inmobiliarias a contratar P\u00f3lizas de Garant\u00eda para Venta en Verde que  garantizan el fiel cumplimiento de los contratos de promesa de compraventa. Su objeto es cubrir la obligaci\u00f3n del promitente vendedor de otorgar el contrato definitivo de compraventa e inscribir el bien inmueble en el Conservador respectivo, si esto no ocurre, por causas imputables a la inmobiliaria, se restituye al asegurado el dinero que ha pagado como anticipo de la compraventa.\n\n\n\n\n","protected":false},"excerpt":{"rendered":"","protected":false},"author":1,"featured_media":0,"parent":0,"menu_order":0,"comment_status":"closed","ping_status":"closed","template":"","meta":{"pagelayer_contact_templates":[],"_pagelayer_content":"","_joinchat":[],"footnotes":""},"class_list":["post-322","page","type-page","status-publish","hentry"],"_links":{"self":[{"href":"https:\/\/www.tuhipotecario.cl\/index.php?rest_route=\/wp\/v2\/pages\/322"}],"collection":[{"href":"https:\/\/www.tuhipotecario.cl\/index.php?rest_route=\/wp\/v2\/pages"}],"about":[{"href":"https:\/\/www.tuhipotecario.cl\/index.php?rest_route=\/wp\/v2\/types\/page"}],"author":[{"embeddable":true,"href":"https:\/\/www.tuhipotecario.cl\/index.php?rest_route=\/wp\/v2\/users\/1"}],"replies":[{"embeddable":true,"href":"https:\/\/www.tuhipotecario.cl\/index.php?rest_route=%2Fwp%2Fv2%2Fcomments&post=322"}],"version-history":[{"count":6,"href":"https:\/\/www.tuhipotecario.cl\/index.php?rest_route=\/wp\/v2\/pages\/322\/revisions"}],"predecessor-version":[{"id":565,"href":"https:\/\/www.tuhipotecario.cl\/index.php?rest_route=\/wp\/v2\/pages\/322\/revisions\/565"}],"wp:attachment":[{"href":"https:\/\/www.tuhipotecario.cl\/index.php?rest_route=%2Fwp%2Fv2%2Fmedia&parent=322"}],"curies":[{"name":"wp","href":"https:\/\/api.w.org\/{rel}","templated":true}]}}