{"id":213,"date":"2025-03-11T19:14:12","date_gmt":"2025-03-11T19:14:12","guid":{"rendered":"https:\/\/www.tuhipotecario.cl\/?page_id=213"},"modified":"2025-10-16T10:16:21","modified_gmt":"2025-10-16T10:16:21","slug":"inicio","status":"publish","type":"page","link":"https:\/\/www.tuhipotecario.cl\/","title":{"rendered":"Inicio"},"content":{"rendered":"\n\n\n<h3>\u00bfBUSCAS FINANCIAMIENTO?<\/h3>\n<p>Gestionamos tu financiamiento y lo hacemos calzar con el stock de propiedades que mantenemos con nuestros socios estrat\u00e9gicos a nivel nacional.<br><br>Olv\u00eddate de buscar en Portales Inmobiliarios o perder dinero en Reservas o Promesas de Compraventa por el rechazo de tu Hipotecario.\n<\/p>\n\n\n<p>Lorem Ipsum has been the industry&#8217;s standard dummy text ever since the 1500s.<\/p>\n<p><span style=\"color: rgb(255, 255, 255);\">Fundador de TuHipotecario.cl, por m\u00e1s de 25 a\u00f1os me he desempe\u00f1ado en \u00e1reas del rubro Bancario e Inmobiliario.<\/span><\/p>\n\n\n\n\n\n\n<h2>Proceso r\u00e1pido y confiable&nbsp;<\/h2>\n\n\n\n\n\n<p style=\"color: rgb(255, 255, 255);\">Dependiendo de tu perfil financiero, situaci\u00f3n laboral, entre otros datos, determinamos el monto de financiamiento al que puedes acceder<\/p>\n<p style=\"color: rgb(255, 255, 255);\">Estamos conectados con m\u00faltiples instituciones financieras. Olv\u00eddate de ir a la sucursal<\/p>\n<p style=\"color: rgb(255, 255, 255);\">Te apoyamos con toda\ndocumentacion Comercial que requieren las instituciones financieras para aprobar tu\nfinanciamiento, sin necesidad de asistir a la sucursal crediticia, tu tiempo es nuestra\nprioridad!!<\/p>\n<p style=\"color: rgb(255, 255, 255);\">Nos haremos cargo de tu proceso hasta que tu financiamiento est\u00e9 aprobado<\/p>\n\n\n\n\n\n\n\n\n\n\n\n\n<h3>\u00bfPor qu\u00e9 elegir TuHipotecario.cl?<\/h3>\n\n\n\n\n\n<h4><img decoding=\"async\" draggable=\"true\" role=\"img\" class=\"emoji\" alt=\"\u2714\" src=\"https:\/\/s.w.org\/images\/core\/emoji\/15.0.3\/svg\/2714.svg\"> R\u00c1PIDO<br><img decoding=\"async\" draggable=\"true\" role=\"img\" class=\"emoji\" alt=\"\u2714\" src=\"https:\/\/s.w.org\/images\/core\/emoji\/15.0.3\/svg\/2714.svg\"> TRANSPARENTE<br>\n<img decoding=\"async\" draggable=\"true\" role=\"img\" class=\"emoji\" alt=\"\u2714\" src=\"https:\/\/s.w.org\/images\/core\/emoji\/15.0.3\/svg\/2714.svg\"> 100% ONLINE<br>\n<img decoding=\"async\" draggable=\"true\" role=\"img\" class=\"emoji\" alt=\"\u2714\" src=\"https:\/\/s.w.org\/images\/core\/emoji\/15.0.3\/svg\/2714.svg\"> SIN CONTRATO NI LETRA CHICA<br>\n<img decoding=\"async\" draggable=\"true\" role=\"img\" class=\"emoji\" alt=\"\u2714\" src=\"https:\/\/s.w.org\/images\/core\/emoji\/15.0.3\/svg\/2714.svg\"> SIN FALSAS EXPECTATIVAS<br>\n<\/h4>\n\n\n\n\n\n\n\n\n\n\n<h3>Instituciones crediticias con las cuales estamos conectados<\/h3>\n\n\n\n\n\n\n\n\n\n\n\n\n\n\n\n\n\n\n<h5>Testimonios&#8230;<\/h5>\n<h3>\u00bfQu\u00e9 dicen nuestros clientes?<\/h3>\n\n\n\n\n\n\n\n<p style=\"color:#898989;font-family: poppins;font-size:14px;line-height:2;\">\u201cEstuve mucho tiempo detr\u00e1s de mi ejecutivo bancario para obtener un cr\u00e9dito hipotecario y lamentablemente si no tienes contactos los plazos se alargan mucho, sin considerar que te piden los papeles a goteras, con Fernando todo fluyo r\u00e1pido e incluso en 4 d\u00edas obtuve 3 resoluciones bancarias y me oriento a tomar la mejor opci\u00f3n crediticia, en resumen excelente servicio, mas que recomendado\u00bb\n <\/p>\n<p style=\"color:#898989;font-family: poppins;font-size:14px;line-height:2;\">\u00abCotice muchas corredoras de Cr\u00e9ditos y Fernando me dio esa tranquilidad y confianza en este proceso, la decisi\u00f3n de embarcarme con Tuhipotecario.cl fue la mejor decision que tome, su gesti\u00f3n y tarifas est\u00e1n dentro de lo correcto y no abusiva como otras corredoras, mas que recomendable la gesti\u00f3n y su excelente empatia con sus clientes\u00bb<\/p>\n\n\n\n\n\n\n\n\n\n\n\n\n\n\n\n\n\n\n\n\n<h3>REVISA SI CALIFICAS A UN\nCREDITO HIPOTECARIO?\n<\/h3>\n<h5>D\u00e9janos tus datos y nos contactaremos a la brevedad contigo!. \n<\/h5>\n\n\n\n\n\n\n\n\n\n\n\n\n\n\n\n\n\n\n\n\n<h3>Preguntas Frecuentes<\/h3>\n\n\n\n\n<h6>Es un corredor digital de cr\u00e9ditos hipotecarios, el cual busca facilitar la obtenci\u00f3n de un financiamiento para la compra de una vivienda o una inversi\u00f3n inmobiliaria.\n<\/h6>\n\n\n\n\n\n\n<h6>No, TuHipotecario.cl es un corredor de cr\u00e9ditos, que gestiona la obtenci\u00f3n de tu financiamiento a trav\u00e9s de las respectivas instituciones financieras.\n<\/h6>\n\n\n\n\n\n\n<h6>Porque tenemos m\u00e1s de 25 a\u00f1os de experiencia en el rubro Bancario hipotecario e Inmobiliario y nos comprometemos a que los antecedentes que nos proporciones, ser\u00e1n tratados con la m\u00e1xima confidencialidad.\n<\/h6>\n\n\n\n\n\n\n<h6>Los requisitos var\u00edan de acuerdo a m\u00faltiples factores (monto del cr\u00e9dito, valor de la propiedad a adquirir, ingresos, deudas, entre otros), pero a nivel general debes cumplir con lo siguiente:<br><br>\nAcreditar pie entre un 10% y un 20% del valor de la propiedad.<br><br>\nLa edad del solicitante sumado al plazo del cr\u00e9dito debe ser menor a 75\na\u00f1os.<br><br>\nLos ingresos deben ser acreditables y ser al menos 4 veces mayor al\ndividendo que solicitas.<br><br>\nEl monto que pagas mensualmente por tus cr\u00e9ditos (sumado al dividendo\nque est\u00e1s solicitando), no debe superar el 40% de tus ingresos acreditables.<br><br>\nNo tener antecedentes comerciales negativos (Sin DICOM)\n<\/h6>\n\n\n\n\n\n\n\n\n","protected":false},"excerpt":{"rendered":"","protected":false},"author":1,"featured_media":0,"parent":0,"menu_order":0,"comment_status":"closed","ping_status":"closed","template":"","meta":{"pagelayer_contact_templates":[],"_pagelayer_content":"","_joinchat":[],"footnotes":""},"class_list":["post-213","page","type-page","status-publish","hentry"],"_links":{"self":[{"href":"https:\/\/www.tuhipotecario.cl\/index.php?rest_route=\/wp\/v2\/pages\/213"}],"collection":[{"href":"https:\/\/www.tuhipotecario.cl\/index.php?rest_route=\/wp\/v2\/pages"}],"about":[{"href":"https:\/\/www.tuhipotecario.cl\/index.php?rest_route=\/wp\/v2\/types\/page"}],"author":[{"embeddable":true,"href":"https:\/\/www.tuhipotecario.cl\/index.php?rest_route=\/wp\/v2\/users\/1"}],"replies":[{"embeddable":true,"href":"https:\/\/www.tuhipotecario.cl\/index.php?rest_route=%2Fwp%2Fv2%2Fcomments&post=213"}],"version-history":[{"count":118,"href":"https:\/\/www.tuhipotecario.cl\/index.php?rest_route=\/wp\/v2\/pages\/213\/revisions"}],"predecessor-version":[{"id":585,"href":"https:\/\/www.tuhipotecario.cl\/index.php?rest_route=\/wp\/v2\/pages\/213\/revisions\/585"}],"wp:attachment":[{"href":"https:\/\/www.tuhipotecario.cl\/index.php?rest_route=%2Fwp%2Fv2%2Fmedia&parent=213"}],"curies":[{"name":"wp","href":"https:\/\/api.w.org\/{rel}","templated":true}]}}